{"id":16,"date":"2020-10-19T14:16:06","date_gmt":"2020-10-19T19:16:06","guid":{"rendered":"http:\/\/www.ecuastreamlinkcom.com\/portal\/?page_id=16"},"modified":"2024-07-17T12:34:26","modified_gmt":"2024-07-17T17:34:26","slug":"inicio","status":"publish","type":"page","link":"https:\/\/www.ecuastreamlinkcom.com\/portal\/","title":{"rendered":"Inicio"},"content":{"rendered":"\t\t<div data-elementor-type=\"wp-page\" data-elementor-id=\"16\" class=\"elementor elementor-16\">\n\t\t\t\t\t\t<section class=\"elementor-section elementor-top-section elementor-element elementor-element-db8e995 elementor-section-full_width elementor-section-stretched elementor-section-height-default elementor-section-height-default\" data-id=\"db8e995\" data-element_type=\"section\" data-settings=\"{&quot;animation&quot;:&quot;none&quot;,&quot;stretch_section&quot;:&quot;section-stretched&quot;,&quot;background_background&quot;:&quot;classic&quot;}\">\n\t\t\t\t\t\t\t<div class=\"elementor-background-overlay\"><\/div>\n\t\t\t\t\t\t\t<div class=\"elementor-container elementor-column-gap-default\">\n\t\t\t\t\t<div class=\"elementor-column elementor-col-100 elementor-top-column elementor-element elementor-element-cb2c6af\" data-id=\"cb2c6af\" data-element_type=\"column\">\n\t\t\t<div class=\"elementor-widget-wrap elementor-element-populated\">\n\t\t\t\t\t\t<div class=\"elementor-element elementor-element-3ea08e2 elementor-widget elementor-widget-heading\" data-id=\"3ea08e2\" data-element_type=\"widget\" data-widget_type=\"heading.default\">\n\t\t\t\t<div class=\"elementor-widget-container\">\n\t\t\t\t\t<h1 class=\"elementor-heading-title elementor-size-medium\">Empresa ecuatoriana especializada en servicios de innovaci\u00f3n tecnol\u00f3gica en el campo de las Telecomunicaciones tanto Nacional como Internacional. <\/h1>\t\t\t\t<\/div>\n\t\t\t\t<\/div>\n\t\t\t\t\t<\/div>\n\t\t<\/div>\n\t\t\t\t\t<\/div>\n\t\t<\/section>\n\t\t\t\t<section class=\"elementor-section elementor-top-section elementor-element elementor-element-c6261ef elementor-section-boxed elementor-section-height-default elementor-section-height-default\" data-id=\"c6261ef\" data-element_type=\"section\" data-settings=\"{&quot;background_background&quot;:&quot;classic&quot;}\">\n\t\t\t\t\t\t<div class=\"elementor-container elementor-column-gap-default\">\n\t\t\t\t\t<div class=\"elementor-column elementor-col-100 elementor-top-column elementor-element elementor-element-ee24f20\" data-id=\"ee24f20\" data-element_type=\"column\">\n\t\t\t<div class=\"elementor-widget-wrap elementor-element-populated\">\n\t\t\t\t\t\t<div class=\"elementor-element elementor-element-003505c e-transform elementor-widget elementor-widget-heading\" data-id=\"003505c\" data-element_type=\"widget\" data-settings=\"{&quot;_transform_scale_effect&quot;:{&quot;unit&quot;:&quot;px&quot;,&quot;size&quot;:0.5,&quot;sizes&quot;:[]},&quot;_transform_scale_effect_tablet&quot;:{&quot;unit&quot;:&quot;px&quot;,&quot;size&quot;:&quot;&quot;,&quot;sizes&quot;:[]},&quot;_transform_scale_effect_mobile&quot;:{&quot;unit&quot;:&quot;px&quot;,&quot;size&quot;:&quot;&quot;,&quot;sizes&quot;:[]}}\" data-widget_type=\"heading.default\">\n\t\t\t\t<div class=\"elementor-widget-container\">\n\t\t\t\t\t<h3 class=\"elementor-heading-title elementor-size-medium\">Soluciones tecnol\u00f3gicas<\/h3>\t\t\t\t<\/div>\n\t\t\t\t<\/div>\n\t\t\t\t\t<\/div>\n\t\t<\/div>\n\t\t\t\t\t<\/div>\n\t\t<\/section>\n\t\t\t\t<section class=\"elementor-section elementor-top-section elementor-element elementor-element-7f2063b elementor-section-boxed elementor-section-height-default elementor-section-height-default\" data-id=\"7f2063b\" data-element_type=\"section\">\n\t\t\t\t\t\t<div class=\"elementor-container elementor-column-gap-default\">\n\t\t\t\t\t<div class=\"elementor-column elementor-col-100 elementor-top-column elementor-element elementor-element-83f57e8\" data-id=\"83f57e8\" data-element_type=\"column\">\n\t\t\t<div class=\"elementor-widget-wrap elementor-element-populated\">\n\t\t\t\t\t\t<section class=\"elementor-section elementor-inner-section elementor-element elementor-element-2d8a77f elementor-section-boxed elementor-section-height-default elementor-section-height-default\" data-id=\"2d8a77f\" data-element_type=\"section\">\n\t\t\t\t\t\t<div class=\"elementor-container elementor-column-gap-default\">\n\t\t\t\t\t<div class=\"elementor-column elementor-col-100 elementor-inner-column elementor-element elementor-element-ea2d13a\" data-id=\"ea2d13a\" data-element_type=\"column\">\n\t\t\t<div class=\"elementor-widget-wrap\">\n\t\t\t\t\t\t\t<\/div>\n\t\t<\/div>\n\t\t\t\t\t<\/div>\n\t\t<\/section>\n\t\t\t\t<section class=\"elementor-section elementor-inner-section elementor-element elementor-element-a89d728 elementor-section-boxed elementor-section-height-default elementor-section-height-default\" data-id=\"a89d728\" data-element_type=\"section\">\n\t\t\t\t\t\t<div class=\"elementor-container elementor-column-gap-default\">\n\t\t\t\t\t<div class=\"elementor-column elementor-col-50 elementor-inner-column elementor-element elementor-element-c0dc33e\" data-id=\"c0dc33e\" data-element_type=\"column\">\n\t\t\t<div class=\"elementor-widget-wrap elementor-element-populated\">\n\t\t\t\t\t\t<div class=\"elementor-element elementor-element-d75e26c e-transform elementor-position-top elementor-widget elementor-widget-image-box\" data-id=\"d75e26c\" data-element_type=\"widget\" data-settings=\"{&quot;_transform_scale_effect&quot;:{&quot;unit&quot;:&quot;px&quot;,&quot;size&quot;:0.90000000000000002220446049250313080847263336181640625,&quot;sizes&quot;:[]},&quot;_transform_scale_effect_tablet&quot;:{&quot;unit&quot;:&quot;px&quot;,&quot;size&quot;:&quot;&quot;,&quot;sizes&quot;:[]},&quot;_transform_scale_effect_mobile&quot;:{&quot;unit&quot;:&quot;px&quot;,&quot;size&quot;:&quot;&quot;,&quot;sizes&quot;:[]}}\" data-widget_type=\"image-box.default\">\n\t\t\t\t<div class=\"elementor-widget-container\">\n\t\t\t\t\t<div class=\"elementor-image-box-wrapper\"><figure class=\"elementor-image-box-img\"><img fetchpriority=\"high\" decoding=\"async\" width=\"1052\" height=\"758\" src=\"https:\/\/www.ecuastreamlinkcom.com\/portal\/wp-content\/uploads\/2024\/04\/suman-108-7-4m-antenna-satellite-communication-antenna-m-t7-4r-wtx7-4.jpg\" class=\"attachment-full size-full wp-image-654\" alt=\"\" srcset=\"https:\/\/www.ecuastreamlinkcom.com\/portal\/wp-content\/uploads\/2024\/04\/suman-108-7-4m-antenna-satellite-communication-antenna-m-t7-4r-wtx7-4.jpg 1052w, https:\/\/www.ecuastreamlinkcom.com\/portal\/wp-content\/uploads\/2024\/04\/suman-108-7-4m-antenna-satellite-communication-antenna-m-t7-4r-wtx7-4-300x216.jpg 300w, https:\/\/www.ecuastreamlinkcom.com\/portal\/wp-content\/uploads\/2024\/04\/suman-108-7-4m-antenna-satellite-communication-antenna-m-t7-4r-wtx7-4-1024x738.jpg 1024w, https:\/\/www.ecuastreamlinkcom.com\/portal\/wp-content\/uploads\/2024\/04\/suman-108-7-4m-antenna-satellite-communication-antenna-m-t7-4r-wtx7-4-768x553.jpg 768w, https:\/\/www.ecuastreamlinkcom.com\/portal\/wp-content\/uploads\/2024\/04\/suman-108-7-4m-antenna-satellite-communication-antenna-m-t7-4r-wtx7-4-920x663.jpg 920w, https:\/\/www.ecuastreamlinkcom.com\/portal\/wp-content\/uploads\/2024\/04\/suman-108-7-4m-antenna-satellite-communication-antenna-m-t7-4r-wtx7-4-230x166.jpg 230w, https:\/\/www.ecuastreamlinkcom.com\/portal\/wp-content\/uploads\/2024\/04\/suman-108-7-4m-antenna-satellite-communication-antenna-m-t7-4r-wtx7-4-350x252.jpg 350w, https:\/\/www.ecuastreamlinkcom.com\/portal\/wp-content\/uploads\/2024\/04\/suman-108-7-4m-antenna-satellite-communication-antenna-m-t7-4r-wtx7-4-480x346.jpg 480w\" sizes=\"(max-width: 1052px) 100vw, 1052px\" \/><\/figure><div class=\"elementor-image-box-content\"><h5 class=\"elementor-image-box-title\"><br>SISTEMAS SATELITALES<\/h5><p class=\"elementor-image-box-description\">Equipos: Antenas, Feed Horn, LNAs, LNBs, BUCs HPAs, C Band, Ku Band, Ka Band, Modems<\/p><\/div><\/div>\t\t\t\t<\/div>\n\t\t\t\t<\/div>\n\t\t\t\t<div class=\"elementor-element elementor-element-08beac5 elementor-button-warning elementor-align-center elementor-widget elementor-widget-button\" data-id=\"08beac5\" data-element_type=\"widget\" data-widget_type=\"button.default\">\n\t\t\t\t<div class=\"elementor-widget-container\">\n\t\t\t\t\t\t\t\t\t<div class=\"elementor-button-wrapper\">\n\t\t\t\t\t<a class=\"elementor-button elementor-button-link elementor-size-sm elementor-animation-pulse-shrink\" href=\"http:\/\/www.ecuastreamlinkcom.com\/portal\/instalaciones-satelitales\/\">\n\t\t\t\t\t\t<span class=\"elementor-button-content-wrapper\">\n\t\t\t\t\t\t\t\t\t<span class=\"elementor-button-text\">SISTEMAS SATELITALES<\/span>\n\t\t\t\t\t<\/span>\n\t\t\t\t\t<\/a>\n\t\t\t\t<\/div>\n\t\t\t\t\t\t\t\t<\/div>\n\t\t\t\t<\/div>\n\t\t\t\t<div class=\"elementor-element elementor-element-08773dd elementor-position-top elementor-widget elementor-widget-image-box\" data-id=\"08773dd\" data-element_type=\"widget\" data-widget_type=\"image-box.default\">\n\t\t\t\t<div class=\"elementor-widget-container\">\n\t\t\t\t\t<div class=\"elementor-image-box-wrapper\"><figure class=\"elementor-image-box-img\"><img decoding=\"async\" width=\"800\" height=\"352\" src=\"https:\/\/www.ecuastreamlinkcom.com\/portal\/wp-content\/uploads\/2024\/04\/Cableado-estructurado.jpg\" class=\"attachment-full size-full wp-image-657\" alt=\"\" srcset=\"https:\/\/www.ecuastreamlinkcom.com\/portal\/wp-content\/uploads\/2024\/04\/Cableado-estructurado.jpg 800w, https:\/\/www.ecuastreamlinkcom.com\/portal\/wp-content\/uploads\/2024\/04\/Cableado-estructurado-300x132.jpg 300w, https:\/\/www.ecuastreamlinkcom.com\/portal\/wp-content\/uploads\/2024\/04\/Cableado-estructurado-768x338.jpg 768w, https:\/\/www.ecuastreamlinkcom.com\/portal\/wp-content\/uploads\/2024\/04\/Cableado-estructurado-230x101.jpg 230w, https:\/\/www.ecuastreamlinkcom.com\/portal\/wp-content\/uploads\/2024\/04\/Cableado-estructurado-350x154.jpg 350w, https:\/\/www.ecuastreamlinkcom.com\/portal\/wp-content\/uploads\/2024\/04\/Cableado-estructurado-480x211.jpg 480w\" sizes=\"(max-width: 800px) 100vw, 800px\" \/><\/figure><div class=\"elementor-image-box-content\"><h5 class=\"elementor-image-box-title\"><br>CABLEADO ESTRUCTURADO<\/h5><p class=\"elementor-image-box-description\">Como integradores de sistemas, aplicamos las m\u00e1s completas soluciones en el dise\u00f1o, Provisi\u00f3n, implementaci\u00f3n de cableado Estructurado, asi como la administraci\u00f3n de redes de datos e internetworking.<\/span><\/p><\/div><\/div>\t\t\t\t<\/div>\n\t\t\t\t<\/div>\n\t\t\t\t<div class=\"elementor-element elementor-element-fcb78fe elementor-button-info elementor-align-center elementor-widget elementor-widget-button\" data-id=\"fcb78fe\" data-element_type=\"widget\" data-widget_type=\"button.default\">\n\t\t\t\t<div class=\"elementor-widget-container\">\n\t\t\t\t\t\t\t\t\t<div class=\"elementor-button-wrapper\">\n\t\t\t\t\t<a class=\"elementor-button elementor-button-link elementor-size-sm elementor-animation-pulse-shrink\" href=\"http:\/\/www.ecuastreamlinkcom.com\/portal\/tecnologia-para-acceso-a-redes\/\">\n\t\t\t\t\t\t<span class=\"elementor-button-content-wrapper\">\n\t\t\t\t\t\t\t\t\t<span class=\"elementor-button-text\">CABLEADO ESTRUCTURADO<\/span>\n\t\t\t\t\t<\/span>\n\t\t\t\t\t<\/a>\n\t\t\t\t<\/div>\n\t\t\t\t\t\t\t\t<\/div>\n\t\t\t\t<\/div>\n\t\t\t\t\t<\/div>\n\t\t<\/div>\n\t\t\t\t<div class=\"elementor-column elementor-col-50 elementor-inner-column elementor-element elementor-element-58d088c\" data-id=\"58d088c\" data-element_type=\"column\">\n\t\t\t<div class=\"elementor-widget-wrap elementor-element-populated\">\n\t\t\t\t\t\t<div class=\"elementor-element elementor-element-bf75dd7 elementor-position-top elementor-widget elementor-widget-image-box\" data-id=\"bf75dd7\" data-element_type=\"widget\" data-widget_type=\"image-box.default\">\n\t\t\t\t<div class=\"elementor-widget-container\">\n\t\t\t\t\t<div class=\"elementor-image-box-wrapper\"><figure class=\"elementor-image-box-img\"><img decoding=\"async\" width=\"1200\" height=\"1600\" src=\"https:\/\/www.ecuastreamlinkcom.com\/portal\/wp-content\/uploads\/2024\/04\/a74ca8cc-6a4a-446f-ae91-380395004212.jpeg\" class=\"attachment-full size-full wp-image-659\" alt=\"\" srcset=\"https:\/\/www.ecuastreamlinkcom.com\/portal\/wp-content\/uploads\/2024\/04\/a74ca8cc-6a4a-446f-ae91-380395004212.jpeg 1200w, https:\/\/www.ecuastreamlinkcom.com\/portal\/wp-content\/uploads\/2024\/04\/a74ca8cc-6a4a-446f-ae91-380395004212-225x300.jpeg 225w, https:\/\/www.ecuastreamlinkcom.com\/portal\/wp-content\/uploads\/2024\/04\/a74ca8cc-6a4a-446f-ae91-380395004212-768x1024.jpeg 768w, https:\/\/www.ecuastreamlinkcom.com\/portal\/wp-content\/uploads\/2024\/04\/a74ca8cc-6a4a-446f-ae91-380395004212-1152x1536.jpeg 1152w, https:\/\/www.ecuastreamlinkcom.com\/portal\/wp-content\/uploads\/2024\/04\/a74ca8cc-6a4a-446f-ae91-380395004212-920x1227.jpeg 920w, https:\/\/www.ecuastreamlinkcom.com\/portal\/wp-content\/uploads\/2024\/04\/a74ca8cc-6a4a-446f-ae91-380395004212-230x307.jpeg 230w, https:\/\/www.ecuastreamlinkcom.com\/portal\/wp-content\/uploads\/2024\/04\/a74ca8cc-6a4a-446f-ae91-380395004212-350x467.jpeg 350w, https:\/\/www.ecuastreamlinkcom.com\/portal\/wp-content\/uploads\/2024\/04\/a74ca8cc-6a4a-446f-ae91-380395004212-480x640.jpeg 480w\" sizes=\"(max-width: 1200px) 100vw, 1200px\" \/><\/figure><div class=\"elementor-image-box-content\"><h6 class=\"elementor-image-box-title\">RADIOCOMUNICACIONES<\/h6><\/div><\/div>\t\t\t\t<\/div>\n\t\t\t\t<\/div>\n\t\t\t\t<div class=\"elementor-element elementor-element-25c15da elementor-button-success elementor-align-center elementor-widget elementor-widget-button\" data-id=\"25c15da\" data-element_type=\"widget\" data-widget_type=\"button.default\">\n\t\t\t\t<div class=\"elementor-widget-container\">\n\t\t\t\t\t\t\t\t\t<div class=\"elementor-button-wrapper\">\n\t\t\t\t\t<a class=\"elementor-button elementor-button-link elementor-size-sm elementor-animation-pulse-shrink\" href=\"http:\/\/www.ecuastreamlinkcom.com\/portal\/radiocomunicaciones\/\">\n\t\t\t\t\t\t<span class=\"elementor-button-content-wrapper\">\n\t\t\t\t\t\t\t\t\t<span class=\"elementor-button-text\">RADIOCOMUNICACIONES<\/span>\n\t\t\t\t\t<\/span>\n\t\t\t\t\t<\/a>\n\t\t\t\t<\/div>\n\t\t\t\t\t\t\t\t<\/div>\n\t\t\t\t<\/div>\n\t\t\t\t<div class=\"elementor-element elementor-element-9fe3c1d elementor-position-top elementor-widget elementor-widget-image-box\" data-id=\"9fe3c1d\" data-element_type=\"widget\" data-widget_type=\"image-box.default\">\n\t\t\t\t<div class=\"elementor-widget-container\">\n\t\t\t\t\t<div class=\"elementor-image-box-wrapper\"><figure class=\"elementor-image-box-img\"><img loading=\"lazy\" decoding=\"async\" width=\"1200\" height=\"1600\" src=\"https:\/\/www.ecuastreamlinkcom.com\/portal\/wp-content\/uploads\/2024\/04\/HUB-MONJAS-DIANA.jpeg\" class=\"attachment-full size-full wp-image-658\" alt=\"\" srcset=\"https:\/\/www.ecuastreamlinkcom.com\/portal\/wp-content\/uploads\/2024\/04\/HUB-MONJAS-DIANA.jpeg 1200w, https:\/\/www.ecuastreamlinkcom.com\/portal\/wp-content\/uploads\/2024\/04\/HUB-MONJAS-DIANA-225x300.jpeg 225w, https:\/\/www.ecuastreamlinkcom.com\/portal\/wp-content\/uploads\/2024\/04\/HUB-MONJAS-DIANA-768x1024.jpeg 768w, https:\/\/www.ecuastreamlinkcom.com\/portal\/wp-content\/uploads\/2024\/04\/HUB-MONJAS-DIANA-1152x1536.jpeg 1152w, https:\/\/www.ecuastreamlinkcom.com\/portal\/wp-content\/uploads\/2024\/04\/HUB-MONJAS-DIANA-920x1227.jpeg 920w, https:\/\/www.ecuastreamlinkcom.com\/portal\/wp-content\/uploads\/2024\/04\/HUB-MONJAS-DIANA-230x307.jpeg 230w, https:\/\/www.ecuastreamlinkcom.com\/portal\/wp-content\/uploads\/2024\/04\/HUB-MONJAS-DIANA-350x467.jpeg 350w, https:\/\/www.ecuastreamlinkcom.com\/portal\/wp-content\/uploads\/2024\/04\/HUB-MONJAS-DIANA-480x640.jpeg 480w\" sizes=\"(max-width: 1200px) 100vw, 1200px\" \/><\/figure><div class=\"elementor-image-box-content\"><h5 class=\"elementor-image-box-title\">PROVISI\u00d3N DE EQUIPOS E INFRAESTRUCTURA<\/h5><p class=\"elementor-image-box-description\">Ecuastreamlink a trav\u00e9s de sus socios estrat\u00e9gicos y fabricantes de equipos en el Exterior prov\u00e9e de las mejores Marcas y calidad a sus clientes, garantizando su operatividad.<\/p><\/div><\/div>\t\t\t\t<\/div>\n\t\t\t\t<\/div>\n\t\t\t\t<div class=\"elementor-element elementor-element-6375999 elementor-button-danger elementor-align-center elementor-widget elementor-widget-button\" data-id=\"6375999\" data-element_type=\"widget\" data-widget_type=\"button.default\">\n\t\t\t\t<div class=\"elementor-widget-container\">\n\t\t\t\t\t\t\t\t\t<div class=\"elementor-button-wrapper\">\n\t\t\t\t\t<a class=\"elementor-button elementor-button-link elementor-size-sm elementor-animation-pulse-shrink\" href=\"http:\/\/www.ecuastreamlinkcom.com\/portal\/infraestructura-de-telecomunicaciones\/\">\n\t\t\t\t\t\t<span class=\"elementor-button-content-wrapper\">\n\t\t\t\t\t\t\t\t\t<span class=\"elementor-button-text\">EQUIPOS E INFRAESTRUCTURA<\/span>\n\t\t\t\t\t<\/span>\n\t\t\t\t\t<\/a>\n\t\t\t\t<\/div>\n\t\t\t\t\t\t\t\t<\/div>\n\t\t\t\t<\/div>\n\t\t\t\t\t<\/div>\n\t\t<\/div>\n\t\t\t\t\t<\/div>\n\t\t<\/section>\n\t\t\t\t\t<\/div>\n\t\t<\/div>\n\t\t\t\t\t<\/div>\n\t\t<\/section>\n\t\t\t\t<\/div>\n\t\t","protected":false},"excerpt":{"rendered":"<p>Empresa ecuatoriana especializada en servicios de innovaci\u00f3n tecnol\u00f3gica en el campo de las Telecomunicaciones tanto Nacional como Internacional. Soluciones tecnol\u00f3gicas SISTEMAS SATELITALES [&hellip;]<\/p>\n","protected":false},"author":1,"featured_media":0,"parent":0,"menu_order":0,"comment_status":"closed","ping_status":"closed","template":"elementor_header_footer","meta":{"footnotes":""},"class_list":["post-16","page","type-page","status-publish","hentry"],"_links":{"self":[{"href":"https:\/\/www.ecuastreamlinkcom.com\/portal\/wp-json\/wp\/v2\/pages\/16","targetHints":{"allow":["GET"]}}],"collection":[{"href":"https:\/\/www.ecuastreamlinkcom.com\/portal\/wp-json\/wp\/v2\/pages"}],"about":[{"href":"https:\/\/www.ecuastreamlinkcom.com\/portal\/wp-json\/wp\/v2\/types\/page"}],"author":[{"embeddable":true,"href":"https:\/\/www.ecuastreamlinkcom.com\/portal\/wp-json\/wp\/v2\/users\/1"}],"replies":[{"embeddable":true,"href":"https:\/\/www.ecuastreamlinkcom.com\/portal\/wp-json\/wp\/v2\/comments?post=16"}],"version-history":[{"count":256,"href":"https:\/\/www.ecuastreamlinkcom.com\/portal\/wp-json\/wp\/v2\/pages\/16\/revisions"}],"predecessor-version":[{"id":820,"href":"https:\/\/www.ecuastreamlinkcom.com\/portal\/wp-json\/wp\/v2\/pages\/16\/revisions\/820"}],"wp:attachment":[{"href":"https:\/\/www.ecuastreamlinkcom.com\/portal\/wp-json\/wp\/v2\/media?parent=16"}],"curies":[{"name":"wp","href":"https:\/\/api.w.org\/{rel}","templated":true}]}}