{"id":340,"date":"2021-03-10T11:52:13","date_gmt":"2021-03-10T16:52:13","guid":{"rendered":"http:\/\/www.ecuastreamlinkcom.com\/portal\/?page_id=340"},"modified":"2024-03-27T16:41:34","modified_gmt":"2024-03-27T21:41:34","slug":"servicios","status":"publish","type":"page","link":"https:\/\/www.ecuastreamlinkcom.com\/portal\/servicios\/","title":{"rendered":"Servicios"},"content":{"rendered":"\t\t<div data-elementor-type=\"wp-page\" data-elementor-id=\"340\" class=\"elementor elementor-340\">\n\t\t\t\t\t\t<section class=\"elementor-section elementor-top-section elementor-element elementor-element-7215620b elementor-section-boxed elementor-section-height-default elementor-section-height-default\" data-id=\"7215620b\" data-element_type=\"section\" data-settings=\"{&quot;background_background&quot;:&quot;classic&quot;}\">\n\t\t\t\t\t\t<div class=\"elementor-container elementor-column-gap-default\">\n\t\t\t\t\t<div class=\"elementor-column elementor-col-100 elementor-top-column elementor-element elementor-element-b1bea96\" data-id=\"b1bea96\" data-element_type=\"column\">\n\t\t\t<div class=\"elementor-widget-wrap elementor-element-populated\">\n\t\t\t\t\t\t<div class=\"elementor-element elementor-element-20d5d0d0 elementor-widget elementor-widget-heading\" data-id=\"20d5d0d0\" data-element_type=\"widget\" data-widget_type=\"heading.default\">\n\t\t\t\t<div class=\"elementor-widget-container\">\n\t\t\t\t\t<h3 class=\"elementor-heading-title elementor-size-default\">Servicios<\/h3>\t\t\t\t<\/div>\n\t\t\t\t<\/div>\n\t\t\t\t<div class=\"elementor-element elementor-element-6cfe1842 elementor-widget elementor-widget-text-editor\" data-id=\"6cfe1842\" data-element_type=\"widget\" data-widget_type=\"text-editor.default\">\n\t\t\t\t<div class=\"elementor-widget-container\">\n\t\t\t\t\t\t\t\t\t<p>Nuestro objetivo es brindar servicios de alta calidad, cumplir las expectativas de nuestros clientes mediante soluciones hechas a la medida.\u00a0<span style=\"color: var( --e-global-color-494468e ); background-color: var( --e-global-color-7bf8232 );\">Tenemos m\u00e1s de 20 a\u00f1os de experiencia en la industria de las comunicaciones.<\/span><\/p>\t\t\t\t\t\t\t\t<\/div>\n\t\t\t\t<\/div>\n\t\t\t\t\t<\/div>\n\t\t<\/div>\n\t\t\t\t\t<\/div>\n\t\t<\/section>\n\t\t\t\t<section class=\"elementor-section elementor-top-section elementor-element elementor-element-62308a11 elementor-section-height-min-height elementor-section-items-stretch elementor-section-content-middle elementor-section-boxed elementor-section-height-default\" data-id=\"62308a11\" data-element_type=\"section\">\n\t\t\t\t\t\t<div class=\"elementor-container elementor-column-gap-default\">\n\t\t\t\t\t<div class=\"elementor-column elementor-col-50 elementor-top-column elementor-element elementor-element-48e1f9ab\" data-id=\"48e1f9ab\" data-element_type=\"column\" data-settings=\"{&quot;background_background&quot;:&quot;classic&quot;}\">\n\t\t\t<div class=\"elementor-widget-wrap elementor-element-populated\">\n\t\t\t\t\t\t<div class=\"elementor-element elementor-element-57acd5d elementor-widget elementor-widget-image\" data-id=\"57acd5d\" data-element_type=\"widget\" data-widget_type=\"image.default\">\n\t\t\t\t<div class=\"elementor-widget-container\">\n\t\t\t\t\t\t\t\t\t\t\t\t\t\t\t<img fetchpriority=\"high\" decoding=\"async\" width=\"800\" height=\"500\" src=\"https:\/\/www.ecuastreamlinkcom.com\/portal\/wp-content\/uploads\/2021\/03\/sevicios1.jpg\" class=\"attachment-full size-full wp-image-356\" alt=\"\" srcset=\"https:\/\/www.ecuastreamlinkcom.com\/portal\/wp-content\/uploads\/2021\/03\/sevicios1.jpg 800w, https:\/\/www.ecuastreamlinkcom.com\/portal\/wp-content\/uploads\/2021\/03\/sevicios1-300x188.jpg 300w, https:\/\/www.ecuastreamlinkcom.com\/portal\/wp-content\/uploads\/2021\/03\/sevicios1-768x480.jpg 768w, https:\/\/www.ecuastreamlinkcom.com\/portal\/wp-content\/uploads\/2021\/03\/sevicios1-230x144.jpg 230w, https:\/\/www.ecuastreamlinkcom.com\/portal\/wp-content\/uploads\/2021\/03\/sevicios1-350x219.jpg 350w, https:\/\/www.ecuastreamlinkcom.com\/portal\/wp-content\/uploads\/2021\/03\/sevicios1-480x300.jpg 480w\" sizes=\"(max-width: 800px) 100vw, 800px\" \/>\t\t\t\t\t\t\t\t\t\t\t\t\t\t\t<\/div>\n\t\t\t\t<\/div>\n\t\t\t\t<div class=\"elementor-element elementor-element-1c2b553a elementor-widget elementor-widget-heading\" data-id=\"1c2b553a\" data-element_type=\"widget\" data-widget_type=\"heading.default\">\n\t\t\t\t<div class=\"elementor-widget-container\">\n\t\t\t\t\t<h3 class=\"elementor-heading-title elementor-size-large\">INSTALACIONES SATELITALES<\/h3>\t\t\t\t<\/div>\n\t\t\t\t<\/div>\n\t\t\t\t<div class=\"elementor-element elementor-element-119e26c elementor-widget elementor-widget-text-editor\" data-id=\"119e26c\" data-element_type=\"widget\" data-widget_type=\"text-editor.default\">\n\t\t\t\t<div class=\"elementor-widget-container\">\n\t\t\t\t\t\t\t\t\t<p>El servicio satelital es un servicio de interconexi\u00f3n de gran flexibilidad ya que nos permite en un tiempo muy reducido realizar la interconexi\u00f3n de cualquier punto remoto.<\/p>\t\t\t\t\t\t\t\t<\/div>\n\t\t\t\t<\/div>\n\t\t\t\t<div class=\"elementor-element elementor-element-1c8e7352 elementor-widget elementor-widget-heading\" data-id=\"1c8e7352\" data-element_type=\"widget\" data-widget_type=\"heading.default\">\n\t\t\t\t<div class=\"elementor-widget-container\">\n\t\t\t\t\t<h5 class=\"elementor-heading-title elementor-size-small\"><a href=\"http:\/\/www.ecuastreamlinkcom.com\/portal\/instalaciones-satelitales\/\">Ver<\/a><\/h5>\t\t\t\t<\/div>\n\t\t\t\t<\/div>\n\t\t\t\t\t<\/div>\n\t\t<\/div>\n\t\t\t\t<div class=\"elementor-column elementor-col-50 elementor-top-column elementor-element elementor-element-2a6db87d\" data-id=\"2a6db87d\" data-element_type=\"column\" data-settings=\"{&quot;background_background&quot;:&quot;classic&quot;}\">\n\t\t\t<div class=\"elementor-widget-wrap elementor-element-populated\">\n\t\t\t\t\t\t<div class=\"elementor-element elementor-element-1b3a1283 elementor-widget elementor-widget-image\" data-id=\"1b3a1283\" data-element_type=\"widget\" data-widget_type=\"image.default\">\n\t\t\t\t<div class=\"elementor-widget-container\">\n\t\t\t\t\t\t\t\t\t\t\t\t\t\t\t<img decoding=\"async\" width=\"800\" height=\"500\" src=\"https:\/\/www.ecuastreamlinkcom.com\/portal\/wp-content\/uploads\/2021\/03\/sevicios2.jpg\" class=\"attachment-full size-full wp-image-355\" alt=\"RADIOCOMUNICACIONES\" srcset=\"https:\/\/www.ecuastreamlinkcom.com\/portal\/wp-content\/uploads\/2021\/03\/sevicios2.jpg 800w, https:\/\/www.ecuastreamlinkcom.com\/portal\/wp-content\/uploads\/2021\/03\/sevicios2-300x188.jpg 300w, https:\/\/www.ecuastreamlinkcom.com\/portal\/wp-content\/uploads\/2021\/03\/sevicios2-768x480.jpg 768w, https:\/\/www.ecuastreamlinkcom.com\/portal\/wp-content\/uploads\/2021\/03\/sevicios2-230x144.jpg 230w, https:\/\/www.ecuastreamlinkcom.com\/portal\/wp-content\/uploads\/2021\/03\/sevicios2-350x219.jpg 350w, https:\/\/www.ecuastreamlinkcom.com\/portal\/wp-content\/uploads\/2021\/03\/sevicios2-480x300.jpg 480w\" sizes=\"(max-width: 800px) 100vw, 800px\" \/>\t\t\t\t\t\t\t\t\t\t\t\t\t\t\t<\/div>\n\t\t\t\t<\/div>\n\t\t\t\t<div class=\"elementor-element elementor-element-e7b375b elementor-widget elementor-widget-heading\" data-id=\"e7b375b\" data-element_type=\"widget\" data-widget_type=\"heading.default\">\n\t\t\t\t<div class=\"elementor-widget-container\">\n\t\t\t\t\t<h3 class=\"elementor-heading-title elementor-size-large\">RADIOCOMUNICACIONES<\/h3>\t\t\t\t<\/div>\n\t\t\t\t<\/div>\n\t\t\t\t<div class=\"elementor-element elementor-element-4aa2ca09 elementor-widget elementor-widget-text-editor\" data-id=\"4aa2ca09\" data-element_type=\"widget\" data-widget_type=\"text-editor.default\">\n\t\t\t\t<div class=\"elementor-widget-container\">\n\t\t\t\t\t\t\t\t\t<p>Engloban a todo tipo de sistemas que utilizan el aire como medio de transmisi\u00f3n. Radioenlaces punto a punto o punto a multipunto, redes WIFI, Sistemas Satelitales etc.<\/p>\t\t\t\t\t\t\t\t<\/div>\n\t\t\t\t<\/div>\n\t\t\t\t<div class=\"elementor-element elementor-element-5d59ac7c elementor-widget elementor-widget-heading\" data-id=\"5d59ac7c\" data-element_type=\"widget\" data-widget_type=\"heading.default\">\n\t\t\t\t<div class=\"elementor-widget-container\">\n\t\t\t\t\t<h5 class=\"elementor-heading-title elementor-size-small\"><a href=\"http:\/\/www.ecuastreamlinkcom.com\/portal\/radiocomunicaciones\/\">ver<\/a><\/h5>\t\t\t\t<\/div>\n\t\t\t\t<\/div>\n\t\t\t\t\t<\/div>\n\t\t<\/div>\n\t\t\t\t\t<\/div>\n\t\t<\/section>\n\t\t\t\t<section class=\"elementor-section elementor-top-section elementor-element elementor-element-320d665a elementor-section-height-min-height elementor-section-items-stretch elementor-section-content-middle elementor-section-boxed elementor-section-height-default\" data-id=\"320d665a\" data-element_type=\"section\">\n\t\t\t\t\t\t<div class=\"elementor-container elementor-column-gap-default\">\n\t\t\t\t\t<div class=\"elementor-column elementor-col-50 elementor-top-column elementor-element elementor-element-1d31bb6d\" data-id=\"1d31bb6d\" data-element_type=\"column\" data-settings=\"{&quot;background_background&quot;:&quot;classic&quot;}\">\n\t\t\t<div class=\"elementor-widget-wrap elementor-element-populated\">\n\t\t\t\t\t\t<div class=\"elementor-element elementor-element-11a2024e elementor-widget elementor-widget-image\" data-id=\"11a2024e\" data-element_type=\"widget\" data-widget_type=\"image.default\">\n\t\t\t\t<div class=\"elementor-widget-container\">\n\t\t\t\t\t\t\t\t\t\t\t\t\t\t\t<img decoding=\"async\" width=\"800\" height=\"500\" src=\"https:\/\/www.ecuastreamlinkcom.com\/portal\/wp-content\/uploads\/2021\/03\/sevicios4.jpg\" class=\"attachment-full size-full wp-image-354\" alt=\"\" srcset=\"https:\/\/www.ecuastreamlinkcom.com\/portal\/wp-content\/uploads\/2021\/03\/sevicios4.jpg 800w, https:\/\/www.ecuastreamlinkcom.com\/portal\/wp-content\/uploads\/2021\/03\/sevicios4-300x188.jpg 300w, https:\/\/www.ecuastreamlinkcom.com\/portal\/wp-content\/uploads\/2021\/03\/sevicios4-768x480.jpg 768w, https:\/\/www.ecuastreamlinkcom.com\/portal\/wp-content\/uploads\/2021\/03\/sevicios4-230x144.jpg 230w, https:\/\/www.ecuastreamlinkcom.com\/portal\/wp-content\/uploads\/2021\/03\/sevicios4-350x219.jpg 350w, https:\/\/www.ecuastreamlinkcom.com\/portal\/wp-content\/uploads\/2021\/03\/sevicios4-480x300.jpg 480w\" sizes=\"(max-width: 800px) 100vw, 800px\" \/>\t\t\t\t\t\t\t\t\t\t\t\t\t\t\t<\/div>\n\t\t\t\t<\/div>\n\t\t\t\t<div class=\"elementor-element elementor-element-100b4ba7 elementor-widget elementor-widget-heading\" data-id=\"100b4ba7\" data-element_type=\"widget\" data-widget_type=\"heading.default\">\n\t\t\t\t<div class=\"elementor-widget-container\">\n\t\t\t\t\t<h3 class=\"elementor-heading-title elementor-size-large\">INFRAESTRUCTURA DE TELECOMUNICACIONES<\/h3>\t\t\t\t<\/div>\n\t\t\t\t<\/div>\n\t\t\t\t<div class=\"elementor-element elementor-element-2e434166 elementor-widget elementor-widget-text-editor\" data-id=\"2e434166\" data-element_type=\"widget\" data-widget_type=\"text-editor.default\">\n\t\t\t\t<div class=\"elementor-widget-container\">\n\t\t\t\t\t\t\t\t\t<p>La respuesta r\u00e1pida, confiable y profesional a las necesidades de organizaciones de distinta naturaleza son la constante de Ecuastreamlink Communications.<\/p>\t\t\t\t\t\t\t\t<\/div>\n\t\t\t\t<\/div>\n\t\t\t\t<div class=\"elementor-element elementor-element-76e42338 elementor-widget elementor-widget-heading\" data-id=\"76e42338\" data-element_type=\"widget\" data-widget_type=\"heading.default\">\n\t\t\t\t<div class=\"elementor-widget-container\">\n\t\t\t\t\t<h5 class=\"elementor-heading-title elementor-size-small\"><a href=\"http:\/\/www.ecuastreamlinkcom.com\/portal\/infraestructura-de-telecomunicaciones\/\">ver<\/a><\/h5>\t\t\t\t<\/div>\n\t\t\t\t<\/div>\n\t\t\t\t\t<\/div>\n\t\t<\/div>\n\t\t\t\t<div class=\"elementor-column elementor-col-50 elementor-top-column elementor-element elementor-element-2bc089fc\" data-id=\"2bc089fc\" data-element_type=\"column\" data-settings=\"{&quot;background_background&quot;:&quot;classic&quot;}\">\n\t\t\t<div class=\"elementor-widget-wrap elementor-element-populated\">\n\t\t\t\t\t\t<div class=\"elementor-element elementor-element-1c4f6c35 elementor-widget elementor-widget-image\" data-id=\"1c4f6c35\" data-element_type=\"widget\" data-widget_type=\"image.default\">\n\t\t\t\t<div class=\"elementor-widget-container\">\n\t\t\t\t\t\t\t\t\t\t\t\t\t\t\t<img loading=\"lazy\" decoding=\"async\" width=\"800\" height=\"500\" src=\"https:\/\/www.ecuastreamlinkcom.com\/portal\/wp-content\/uploads\/2021\/03\/sevicios3.jpg\" class=\"attachment-full size-full wp-image-353\" alt=\"TECNOLOG\u00cdA PARA ACCESO A REDES\" srcset=\"https:\/\/www.ecuastreamlinkcom.com\/portal\/wp-content\/uploads\/2021\/03\/sevicios3.jpg 800w, https:\/\/www.ecuastreamlinkcom.com\/portal\/wp-content\/uploads\/2021\/03\/sevicios3-300x188.jpg 300w, https:\/\/www.ecuastreamlinkcom.com\/portal\/wp-content\/uploads\/2021\/03\/sevicios3-768x480.jpg 768w, https:\/\/www.ecuastreamlinkcom.com\/portal\/wp-content\/uploads\/2021\/03\/sevicios3-230x144.jpg 230w, https:\/\/www.ecuastreamlinkcom.com\/portal\/wp-content\/uploads\/2021\/03\/sevicios3-350x219.jpg 350w, https:\/\/www.ecuastreamlinkcom.com\/portal\/wp-content\/uploads\/2021\/03\/sevicios3-480x300.jpg 480w\" sizes=\"(max-width: 800px) 100vw, 800px\" \/>\t\t\t\t\t\t\t\t\t\t\t\t\t\t\t<\/div>\n\t\t\t\t<\/div>\n\t\t\t\t<div class=\"elementor-element elementor-element-24d6702c elementor-widget elementor-widget-heading\" data-id=\"24d6702c\" data-element_type=\"widget\" data-widget_type=\"heading.default\">\n\t\t\t\t<div class=\"elementor-widget-container\">\n\t\t\t\t\t<h3 class=\"elementor-heading-title elementor-size-large\"><a href=\"http:\/\/www.ecuastreamlinkcom.com\/portal\/tecnologia-para-acceso-a-redes\/\">TECNOLOG\u00cdA PARA ACCESO A REDES\u200b<\/a><\/h3>\t\t\t\t<\/div>\n\t\t\t\t<\/div>\n\t\t\t\t<div class=\"elementor-element elementor-element-3f3db448 elementor-widget elementor-widget-text-editor\" data-id=\"3f3db448\" data-element_type=\"widget\" data-widget_type=\"text-editor.default\">\n\t\t\t\t<div class=\"elementor-widget-container\">\n\t\t\t\t\t\t\t\t\t<p>Como integradores de sistemas, aplicamos las m\u00e1s completas soluciones en el dise\u00f1o, implementaci\u00f3n y administraci\u00f3n de redes de datos e internetworking.<\/p>\t\t\t\t\t\t\t\t<\/div>\n\t\t\t\t<\/div>\n\t\t\t\t<div class=\"elementor-element elementor-element-32fd35d4 elementor-widget elementor-widget-heading\" data-id=\"32fd35d4\" data-element_type=\"widget\" data-widget_type=\"heading.default\">\n\t\t\t\t<div class=\"elementor-widget-container\">\n\t\t\t\t\t<h5 class=\"elementor-heading-title elementor-size-small\">ver<\/h5>\t\t\t\t<\/div>\n\t\t\t\t<\/div>\n\t\t\t\t\t<\/div>\n\t\t<\/div>\n\t\t\t\t\t<\/div>\n\t\t<\/section>\n\t\t\t\t<\/div>\n\t\t","protected":false},"excerpt":{"rendered":"<p>Servicios Nuestro objetivo es brindar servicios de alta calidad, cumplir las expectativas de nuestros clientes mediante soluciones hechas a la medida.\u00a0Tenemos m\u00e1s [&hellip;]<\/p>\n","protected":false},"author":1,"featured_media":0,"parent":0,"menu_order":0,"comment_status":"closed","ping_status":"closed","template":"elementor_header_footer","meta":{"footnotes":""},"class_list":["post-340","page","type-page","status-publish","hentry"],"_links":{"self":[{"href":"https:\/\/www.ecuastreamlinkcom.com\/portal\/wp-json\/wp\/v2\/pages\/340","targetHints":{"allow":["GET"]}}],"collection":[{"href":"https:\/\/www.ecuastreamlinkcom.com\/portal\/wp-json\/wp\/v2\/pages"}],"about":[{"href":"https:\/\/www.ecuastreamlinkcom.com\/portal\/wp-json\/wp\/v2\/types\/page"}],"author":[{"embeddable":true,"href":"https:\/\/www.ecuastreamlinkcom.com\/portal\/wp-json\/wp\/v2\/users\/1"}],"replies":[{"embeddable":true,"href":"https:\/\/www.ecuastreamlinkcom.com\/portal\/wp-json\/wp\/v2\/comments?post=340"}],"version-history":[{"count":39,"href":"https:\/\/www.ecuastreamlinkcom.com\/portal\/wp-json\/wp\/v2\/pages\/340\/revisions"}],"predecessor-version":[{"id":631,"href":"https:\/\/www.ecuastreamlinkcom.com\/portal\/wp-json\/wp\/v2\/pages\/340\/revisions\/631"}],"wp:attachment":[{"href":"https:\/\/www.ecuastreamlinkcom.com\/portal\/wp-json\/wp\/v2\/media?parent=340"}],"curies":[{"name":"wp","href":"https:\/\/api.w.org\/{rel}","templated":true}]}}