{"id":470,"date":"2021-03-11T12:39:36","date_gmt":"2021-03-11T17:39:36","guid":{"rendered":"http:\/\/www.ecuastreamlinkcom.com\/portal\/?page_id=470"},"modified":"2024-04-01T14:37:05","modified_gmt":"2024-04-01T19:37:05","slug":"tecnologia-para-acceso-a-redes","status":"publish","type":"page","link":"https:\/\/www.ecuastreamlinkcom.com\/portal\/tecnologia-para-acceso-a-redes\/","title":{"rendered":"Tecnolog\u00eda para acceso a redes"},"content":{"rendered":"\t\t<div data-elementor-type=\"wp-page\" data-elementor-id=\"470\" class=\"elementor elementor-470\">\n\t\t\t\t\t\t<section class=\"elementor-section elementor-top-section elementor-element elementor-element-2a1e169e elementor-section-boxed elementor-section-height-default elementor-section-height-default\" data-id=\"2a1e169e\" data-element_type=\"section\" data-settings=\"{&quot;background_background&quot;:&quot;classic&quot;}\">\n\t\t\t\t\t\t<div class=\"elementor-container elementor-column-gap-no\">\n\t\t\t\t\t<div class=\"elementor-column elementor-col-100 elementor-top-column elementor-element elementor-element-20464832\" data-id=\"20464832\" data-element_type=\"column\">\n\t\t\t<div class=\"elementor-widget-wrap elementor-element-populated\">\n\t\t\t\t\t\t<div class=\"elementor-element elementor-element-a9a6874 elementor-widget elementor-widget-heading\" data-id=\"a9a6874\" data-element_type=\"widget\" data-widget_type=\"heading.default\">\n\t\t\t\t<div class=\"elementor-widget-container\">\n\t\t\t\t\t<h6 class=\"elementor-heading-title elementor-size-small\">acceso a redes <\/h6>\t\t\t\t<\/div>\n\t\t\t\t<\/div>\n\t\t\t\t<section class=\"elementor-section elementor-inner-section elementor-element elementor-element-59d44095 elementor-section-content-middle elementor-section-boxed elementor-section-height-default elementor-section-height-default\" data-id=\"59d44095\" data-element_type=\"section\">\n\t\t\t\t\t\t<div class=\"elementor-container elementor-column-gap-no\">\n\t\t\t\t\t<div class=\"elementor-column elementor-col-50 elementor-inner-column elementor-element elementor-element-2d7c6762\" data-id=\"2d7c6762\" data-element_type=\"column\" data-settings=\"{&quot;background_background&quot;:&quot;classic&quot;}\">\n\t\t\t<div class=\"elementor-widget-wrap elementor-element-populated\">\n\t\t\t\t\t\t<div class=\"elementor-element elementor-element-6281d425 elementor-widget-divider--view-line elementor-widget elementor-widget-divider\" data-id=\"6281d425\" data-element_type=\"widget\" data-widget_type=\"divider.default\">\n\t\t\t\t<div class=\"elementor-widget-container\">\n\t\t\t\t\t\t\t<div class=\"elementor-divider\">\n\t\t\t<span class=\"elementor-divider-separator\">\n\t\t\t\t\t\t<\/span>\n\t\t<\/div>\n\t\t\t\t\t\t<\/div>\n\t\t\t\t<\/div>\n\t\t\t\t<div class=\"elementor-element elementor-element-15a36c9f elementor-widget elementor-widget-text-editor\" data-id=\"15a36c9f\" data-element_type=\"widget\" data-widget_type=\"text-editor.default\">\n\t\t\t\t<div class=\"elementor-widget-container\">\n\t\t\t\t\t\t\t\t\t<p><strong>Como integradores de sistemas, aplicamos las m\u00e1s completas soluciones en el dise\u00f1o, implementaci\u00f3n y administraci\u00f3n de redes de datos e internetworking.<\/strong><\/p>\t\t\t\t\t\t\t\t<\/div>\n\t\t\t\t<\/div>\n\t\t\t\t\t<\/div>\n\t\t<\/div>\n\t\t\t\t<div class=\"elementor-column elementor-col-50 elementor-inner-column elementor-element elementor-element-2e506622\" data-id=\"2e506622\" data-element_type=\"column\" data-settings=\"{&quot;background_background&quot;:&quot;classic&quot;}\">\n\t\t\t<div class=\"elementor-widget-wrap elementor-element-populated\">\n\t\t\t\t\t\t<div class=\"elementor-element elementor-element-44e089e0 elementor-widget elementor-widget-spacer\" data-id=\"44e089e0\" data-element_type=\"widget\" data-widget_type=\"spacer.default\">\n\t\t\t\t<div class=\"elementor-widget-container\">\n\t\t\t\t\t\t\t<div class=\"elementor-spacer\">\n\t\t\t<div class=\"elementor-spacer-inner\"><\/div>\n\t\t<\/div>\n\t\t\t\t\t\t<\/div>\n\t\t\t\t<\/div>\n\t\t\t\t\t<\/div>\n\t\t<\/div>\n\t\t\t\t\t<\/div>\n\t\t<\/section>\n\t\t\t\t<section class=\"elementor-section elementor-inner-section elementor-element elementor-element-25e83aa8 elementor-section-content-middle elementor-reverse-mobile elementor-section-boxed elementor-section-height-default elementor-section-height-default\" data-id=\"25e83aa8\" data-element_type=\"section\">\n\t\t\t\t\t\t<div class=\"elementor-container elementor-column-gap-no\">\n\t\t\t\t\t<div class=\"elementor-column elementor-col-50 elementor-inner-column elementor-element elementor-element-6d9dc6d6\" data-id=\"6d9dc6d6\" data-element_type=\"column\" data-settings=\"{&quot;background_background&quot;:&quot;slideshow&quot;,&quot;background_slideshow_gallery&quot;:[{&quot;id&quot;:474,&quot;url&quot;:&quot;http:\\\/\\\/www.ecuastreamlinkcom.com\\\/portal\\\/wp-content\\\/uploads\\\/2021\\\/03\\\/Soluciones1.jpg&quot;},{&quot;id&quot;:475,&quot;url&quot;:&quot;http:\\\/\\\/www.ecuastreamlinkcom.com\\\/portal\\\/wp-content\\\/uploads\\\/2021\\\/03\\\/Soluciones2.jpg&quot;}],&quot;background_slideshow_slide_transition&quot;:&quot;slide_left&quot;,&quot;background_slideshow_loop&quot;:&quot;yes&quot;,&quot;background_slideshow_slide_duration&quot;:5000,&quot;background_slideshow_transition_duration&quot;:500}\">\n\t\t\t<div class=\"elementor-widget-wrap elementor-element-populated\">\n\t\t\t\t\t\t<div class=\"elementor-element elementor-element-1a03a0ad elementor-widget elementor-widget-spacer\" data-id=\"1a03a0ad\" data-element_type=\"widget\" data-widget_type=\"spacer.default\">\n\t\t\t\t<div class=\"elementor-widget-container\">\n\t\t\t\t\t\t\t<div class=\"elementor-spacer\">\n\t\t\t<div class=\"elementor-spacer-inner\"><\/div>\n\t\t<\/div>\n\t\t\t\t\t\t<\/div>\n\t\t\t\t<\/div>\n\t\t\t\t\t<\/div>\n\t\t<\/div>\n\t\t\t\t<div class=\"elementor-column elementor-col-50 elementor-inner-column elementor-element elementor-element-5fd8aa86\" data-id=\"5fd8aa86\" data-element_type=\"column\" data-settings=\"{&quot;background_background&quot;:&quot;classic&quot;}\">\n\t\t\t<div class=\"elementor-widget-wrap elementor-element-populated\">\n\t\t\t\t\t\t<div class=\"elementor-element elementor-element-2e9ef584 elementor-widget-divider--view-line elementor-widget elementor-widget-divider\" data-id=\"2e9ef584\" data-element_type=\"widget\" data-widget_type=\"divider.default\">\n\t\t\t\t<div class=\"elementor-widget-container\">\n\t\t\t\t\t\t\t<div class=\"elementor-divider\">\n\t\t\t<span class=\"elementor-divider-separator\">\n\t\t\t\t\t\t<\/span>\n\t\t<\/div>\n\t\t\t\t\t\t<\/div>\n\t\t\t\t<\/div>\n\t\t\t\t<div class=\"elementor-element elementor-element-1b42975b elementor-widget elementor-widget-text-editor\" data-id=\"1b42975b\" data-element_type=\"widget\" data-widget_type=\"text-editor.default\">\n\t\t\t\t<div class=\"elementor-widget-container\">\n\t\t\t\t\t\t\t\t\t<p><strong>En el \u00e1rea de Data Networking Ecuastreamlink Communication ofrece diversos servicios:<\/strong><\/p><p><strong>Dise\u00f1o, implementaci\u00f3n y equipamiento de Redes LAN<\/strong><br \/><strong>Dise\u00f1o, implementaci\u00f3n y equipamiento de Redes WAN<\/strong><br \/><strong>Dise\u00f1o, implementaci\u00f3n y equipamiento de Redes Wireless<\/strong><\/p>\t\t\t\t\t\t\t\t<\/div>\n\t\t\t\t<\/div>\n\t\t\t\t\t<\/div>\n\t\t<\/div>\n\t\t\t\t\t<\/div>\n\t\t<\/section>\n\t\t\t\t\t<\/div>\n\t\t<\/div>\n\t\t\t\t\t<\/div>\n\t\t<\/section>\n\t\t\t\t<\/div>\n\t\t","protected":false},"excerpt":{"rendered":"<p>acceso a redes Como integradores de sistemas, aplicamos las m\u00e1s completas soluciones en el dise\u00f1o, implementaci\u00f3n y administraci\u00f3n de redes de datos [&hellip;]<\/p>\n","protected":false},"author":1,"featured_media":0,"parent":0,"menu_order":0,"comment_status":"closed","ping_status":"closed","template":"elementor_header_footer","meta":{"footnotes":""},"class_list":["post-470","page","type-page","status-publish","hentry"],"_links":{"self":[{"href":"https:\/\/www.ecuastreamlinkcom.com\/portal\/wp-json\/wp\/v2\/pages\/470","targetHints":{"allow":["GET"]}}],"collection":[{"href":"https:\/\/www.ecuastreamlinkcom.com\/portal\/wp-json\/wp\/v2\/pages"}],"about":[{"href":"https:\/\/www.ecuastreamlinkcom.com\/portal\/wp-json\/wp\/v2\/types\/page"}],"author":[{"embeddable":true,"href":"https:\/\/www.ecuastreamlinkcom.com\/portal\/wp-json\/wp\/v2\/users\/1"}],"replies":[{"embeddable":true,"href":"https:\/\/www.ecuastreamlinkcom.com\/portal\/wp-json\/wp\/v2\/comments?post=470"}],"version-history":[{"count":14,"href":"https:\/\/www.ecuastreamlinkcom.com\/portal\/wp-json\/wp\/v2\/pages\/470\/revisions"}],"predecessor-version":[{"id":703,"href":"https:\/\/www.ecuastreamlinkcom.com\/portal\/wp-json\/wp\/v2\/pages\/470\/revisions\/703"}],"wp:attachment":[{"href":"https:\/\/www.ecuastreamlinkcom.com\/portal\/wp-json\/wp\/v2\/media?parent=470"}],"curies":[{"name":"wp","href":"https:\/\/api.w.org\/{rel}","templated":true}]}}